{"id":3923,"date":"2024-01-30T16:03:21","date_gmt":"2024-01-30T16:03:21","guid":{"rendered":"https:\/\/dreamsrent-wp.dreamstechnologies.com\/?page_id=3923"},"modified":"2024-05-07T06:58:07","modified_gmt":"2024-05-07T06:58:07","slug":"noleggio-auto-bucarest-noleggio-auto-bucarest-noleggio-auto-bucarest-senza-garanzia","status":"publish","type":"page","link":"https:\/\/rentado.ro\/it\/inchirieri-masini-bucuresti-fara-garantie\/","title":{"rendered":"Noleggio auto Bucarest senza garanzia"},"content":{"rendered":"<div data-elementor-type=\"wp-page\" data-elementor-id=\"3923\" class=\"elementor elementor-3923\" data-elementor-post-type=\"page\">\n\t\t\t\t\t\t<section class=\"elementor-section elementor-top-section elementor-element elementor-element-3f814d4 section privacy-section elementor-section-boxed elementor-section-height-default elementor-section-height-default\" data-id=\"3f814d4\" data-element_type=\"section\" data-e-type=\"section\">\n\t\t\t\t\t\t<div class=\"elementor-container elementor-column-gap-default\">\n\t\t\t\t\t<div class=\"elementor-column elementor-col-100 elementor-top-column elementor-element elementor-element-029b628\" data-id=\"029b628\" data-element_type=\"column\" data-e-type=\"column\">\n\t\t\t<div class=\"elementor-widget-wrap elementor-element-populated\">\n\t\t\t\t\t\t<div class=\"elementor-element elementor-element-1ba6380 elementor-widget elementor-widget-text-editor\" data-id=\"1ba6380\" data-element_type=\"widget\" data-e-type=\"widget\" data-widget_type=\"text-editor.default\">\n\t\t\t\t<div class=\"elementor-widget-container\">\n\t\t\t\t\t\t\t\t\t<div class=\"terms-policy\"><p style=\"font-weight: 400;\"><strong>Noleggio auto Bucarest senza garanzia<\/strong> - il <span style=\"color: #993366;\"><strong>Affittato<\/strong><\/span>il miglior prezzo! L'offerta di noleggio auto senza garanzia di Rentado offre molteplici vantaggi ai clienti, tra cui una maggiore flessibilit\u00e0 finanziaria, un'esperienza pi\u00f9 fluida e veloce, trasparenza e parit\u00e0 di accesso ai servizi di autonoleggio. L'autonoleggio senza garanzia offre ai clienti un'esperienza pi\u00f9 piacevole e senza problemi, consentendo loro di godersi i viaggi senza ulteriori vincoli finanziari o amministrativi.<\/p><\/div>\t\t\t\t\t\t\t\t<\/div>\n\t\t\t\t<\/div>\n\t\t\t\t\t<\/div>\n\t\t<\/div>\n\t\t\t\t\t<\/div>\n\t\t<\/section>\n\t\t<div class=\"elementor-element elementor-element-8c7cc0a e-flex e-con-boxed e-con e-parent\" data-id=\"8c7cc0a\" data-element_type=\"container\" data-e-type=\"container\">\n\t\t\t\t\t<div class=\"e-con-inner\">\n\t\t\t\t<div class=\"elementor-element elementor-element-8b81e80 elementor-widget elementor-widget-dreamsrent_elementor_heading1\" data-id=\"8b81e80\" data-element_type=\"widget\" data-e-type=\"widget\" data-widget_type=\"dreamsrent_elementor_heading1.default\">\n\t\t\t\t<div class=\"elementor-widget-container\">\n\t\t\t\t\t\r\n<div class=\"section-heading text-center\" data-aos=\"fade-down\">\r\n     <h2>Vantaggi del noleggio auto Bucarest senza garanzia<\/h2>\r\n      <p>Affittato<\/p>\r\n\t  \r\n    <\/div>\r\n\t \t\t\t\t<\/div>\n\t\t\t\t<\/div>\n\t\t\t\t<div class=\"elementor-element elementor-element-944823d elementor-widget elementor-widget-text-editor\" data-id=\"944823d\" data-element_type=\"widget\" data-e-type=\"widget\" data-widget_type=\"text-editor.default\">\n\t\t\t\t<div class=\"elementor-widget-container\">\n\t\t\t\t\t\t\t\t\t<div class=\"terms-policy\"><ol style=\"font-weight: 400;\"><li><strong>Flessibilit\u00e0 finanziaria:<\/strong>\u00a0Senza la necessit\u00e0 di versare un deposito elevato, i clienti possono mantenere i fondi a disposizione per altre esigenze o spese durante il viaggio. Questa flessibilit\u00e0 finanziaria \u00e8 estremamente preziosa, soprattutto per chi vuole gestire il proprio budget in modo efficiente.<\/li><li><strong>Semplificare il processo:<\/strong>\u00a0L'eliminazione dell'obbligo di deposito rende l'intero processo di noleggio pi\u00f9 rapido e semplice. I clienti possono evitare l'ulteriore seccatura di dover bloccare una somma di denaro sulla carta e completare rapidamente la transazione di noleggio, risparmiando tempo ed energia.<\/li><li><strong>Ridurre lo stress:<\/strong>\u00a0Il noleggio di un'auto senza garanzia riduce lo stress associato alle domande sullo sblocco dei fondi bloccati al momento della restituzione dell'auto. I clienti possono viaggiare con meno preoccupazioni finanziarie e concentrarsi maggiormente sull'esperienza del viaggio.<\/li><li><strong>Fiducia e trasparenza:<\/strong>\u00a0La politica di noleggio senza garanzia dimostra la fiducia dell'azienda nei confronti dei clienti e nella loro capacit\u00e0 di gestire responsabilmente l'auto a noleggio. Questa trasparenza e fiducia contribuiscono a creare un rapporto pi\u00f9 positivo e aperto tra azienda e cliente.<\/li><\/ol><\/div>\t\t\t\t\t\t\t\t<\/div>\n\t\t\t\t<\/div>\n\t\t\t\t\t<\/div>\n\t\t\t\t<\/div>\n\t\t<div class=\"elementor-element elementor-element-19abdbc e-flex e-con-boxed e-con e-parent\" data-id=\"19abdbc\" data-element_type=\"container\" data-e-type=\"container\">\n\t\t\t\t\t<div class=\"e-con-inner\">\n\t\t\t\t<div class=\"elementor-element elementor-element-87c6fc2 elementor-widget elementor-widget-dreamsrent_elementor_heading1\" data-id=\"87c6fc2\" data-element_type=\"widget\" data-e-type=\"widget\" data-widget_type=\"dreamsrent_elementor_heading1.default\">\n\t\t\t\t<div class=\"elementor-widget-container\">\n\t\t\t\t\t\r\n<div class=\"section-heading text-center\" data-aos=\"fade-down\">\r\n     <h2>Perch\u00e9 i clienti cercano auto a noleggio senza garanzia a Bucarest?<\/h2>\r\n      <p><\/p>\r\n\t  \r\n    <\/div>\r\n\t \t\t\t\t<\/div>\n\t\t\t\t<\/div>\n\t\t\t\t<div class=\"elementor-element elementor-element-8c5ae92 elementor-widget elementor-widget-text-editor\" data-id=\"8c5ae92\" data-element_type=\"widget\" data-e-type=\"widget\" data-widget_type=\"text-editor.default\">\n\t\t\t\t<div class=\"elementor-widget-container\">\n\t\t\t\t\t\t\t\t\t<div class=\"terms-policy\"><ol style=\"font-weight: 400;\"><li><p style=\"font-weight: 400;\">Quando cercano un'auto a noleggio, i clienti sono spesso alla ricerca di opzioni che offrano un equilibrio tra convenienza e risparmio. Un'esigenza comune \u00e8 quella di noleggiare un'auto senza dover pagare una garanzia. Questa preferenza deriva dal desiderio di evitare di bloccare temporaneamente una grande quantit\u00e0 di denaro sulla propria carta, che in alcuni casi potrebbe non essere disponibile per altre spese o acquisti urgenti. La decisione di scegliere una locazione non garantita riflette quindi un approccio pragmatico alla gestione del budget e delle risorse finanziarie.<\/p><p style=\"font-weight: 400;\">Un altro aspetto importante \u00e8 la semplificazione del processo di noleggio. Per molti clienti, l'eliminazione dell'obbligo della garanzia significa meno burocrazia e meno tempo per completare la transazione. Invece di dover affrontare complicate procedure legate alle garanzie e al successivo rilascio dei fondi, i clienti preferiscono un'esperienza pi\u00f9 rapida e semplice, in cui possono prenotare e ritirare l'auto nel modo pi\u00f9 semplice ed efficiente possibile.<\/p><p style=\"font-weight: 400;\">Per molti viaggiatori, ridurre lo stress associato agli aspetti finanziari del noleggio auto \u00e8 un fattore importante nella decisione. Noleggiare un'auto senza garanzia significa non doversi preoccupare della somma di denaro bloccata sulla carta o del processo di sblocco successivo. In questo modo si possono concentrare maggiormente sugli aspetti piacevoli del viaggio e godersi l'esperienza senza il fastidio e l'ulteriore pressione finanziaria.<\/p><p style=\"font-weight: 400;\">Un'altra componente essenziale del noleggio auto senza garanzia \u00e8 l'elemento di fiducia e trasparenza. Le aziende che offrono questa opzione dimostrano la loro fiducia nei confronti dei clienti e la loro capacit\u00e0 di gestire responsabilmente l'auto noleggiata. Questo rapporto di fiducia contribuisce a un'esperienza pi\u00f9 positiva e soddisfacente per entrambe le parti, rafforzando il legame tra azienda e cliente.<\/p><p style=\"font-weight: 400;\">L'autonoleggio senza garanzia offre quindi ai clienti molteplici vantaggi, come una maggiore flessibilit\u00e0 finanziaria, la semplificazione del processo di noleggio, la riduzione dello stress e la promozione di un rapporto di fiducia e trasparenza tra l'azienda e il cliente. Questi vantaggi rendono questa opzione una scelta interessante per molti viaggiatori alla ricerca di un'esperienza di noleggio auto pi\u00f9 piacevole e senza problemi.<\/p><p style=\"font-weight: 400;\">A Rentado, si pu\u00f2 godere di tutti questi vantaggi di noleggio auto Bucarest Otopeni Otopeni senza garanzia e molto di pi\u00f9! Siamo sicuri che troverete la vostra intera esperienza con Rentado semplice, efficiente, senza problemi, orientata al comfort! Prenota ora un noleggio auto a Bucarest con pcik up da Otopeni Aeroporto Otopeni arrivi!<\/p><\/li><\/ol><\/div>\t\t\t\t\t\t\t\t<\/div>\n\t\t\t\t<\/div>\n\t\t\t\t<div class=\"elementor-element elementor-element-ba7ae82 elementor-widget elementor-widget-shortcode\" data-id=\"ba7ae82\" data-element_type=\"widget\" data-e-type=\"widget\" data-widget_type=\"shortcode.default\">\n\t\t\t\t<div class=\"elementor-widget-container\">\n\t\t\t\t\t\t\t<div class=\"elementor-shortcode\">\n<div class=\"wpcf7 no-js\" id=\"wpcf7-f4724-o1\" lang=\"en-US\" dir=\"ltr\" data-wpcf7-id=\"4724\">\n<div class=\"screen-reader-response\"><p role=\"status\" aria-live=\"polite\" aria-atomic=\"true\"><\/p> <ul><\/ul><\/div>\n<form action=\"\/it\/wp-json\/wp\/v2\/pages\/3923#wpcf7-f4724-o1\" method=\"post\" class=\"wpcf7-form init\" aria-label=\"Contact form\" novalidate=\"novalidate\" data-status=\"init\" data-trp-original-action=\"\/it\/wp-json\/wp\/v2\/pages\/3923#wpcf7-f4724-o1\">\n<fieldset class=\"hidden-fields-container\"><input type=\"hidden\" name=\"_wpcf7\" value=\"4724\" \/><input type=\"hidden\" name=\"_wpcf7_version\" value=\"6.1.5\" \/><input type=\"hidden\" name=\"_wpcf7_locale\" value=\"en_US\" \/><input type=\"hidden\" name=\"_wpcf7_unit_tag\" value=\"wpcf7-f4724-o1\" \/><input type=\"hidden\" name=\"_wpcf7_container_post\" value=\"0\" \/><input type=\"hidden\" name=\"_wpcf7_posted_data_hash\" value=\"\" \/><input type=\"hidden\" name=\"_wpcf7_recaptcha_response\" value=\"\" \/>\n<\/fieldset>\n<div class=\"row\">\n <div class=\"col-md-12\"> \n <div class=\"input-block\">\n <label>Nome <span class=\"text-danger\">*<\/span><\/label>\n <span class=\"wpcf7-form-control-wrap\" data-name=\"your-name\"><input size=\"40\" maxlength=\"400\" class=\"wpcf7-form-control wpcf7-text wpcf7-validates-as-required form-control\" aria-required=\"true\" aria-invalid=\"false\" value=\"\" type=\"text\" name=\"your-name\" \/><\/span>\n <\/div>\n <div class=\"col-md-12\"> \n<div class=\"input-block\">\n<label>Indirizzo e-mail <span class=\"text-danger\">*<\/span><\/label>\n<span class=\"wpcf7-form-control-wrap\" data-name=\"your-email\"><input size=\"40\" maxlength=\"400\" class=\"wpcf7-form-control wpcf7-email wpcf7-validates-as-required wpcf7-text wpcf7-validates-as-email form-control\" aria-required=\"true\" aria-invalid=\"false\" value=\"\" type=\"email\" name=\"your-email\" \/><\/span>\n<\/div>\n<\/div>\n<div class=\"col-md-12\"> \n<div class=\"input-block\">\n<label>Telefono <span class=\"text-danger\">*<\/span><\/label>\n <span class=\"wpcf7-form-control-wrap\" data-name=\"your-phone\"><input size=\"40\" maxlength=\"400\" class=\"wpcf7-form-control wpcf7-text wpcf7-validates-as-required form-control\" aria-required=\"true\" aria-invalid=\"false\" value=\"\" type=\"text\" name=\"your-phone\" \/><\/span>\n<\/div>\n<\/div>\t\t\t\t\t\t\t\t\n <div class=\"col-md-12\"> \n <div class=\"input-block\">\n <label>Messaggio <span class=\"text-danger\">*<\/span><\/label>\n\n<span class=\"wpcf7-form-control-wrap\" data-name=\"your-message\"><textarea cols=\"40\" rows=\"10\" maxlength=\"2000\" class=\"wpcf7-form-control wpcf7-textarea wpcf7-validates-as-required form-control\" aria-required=\"true\" aria-invalid=\"false\" name=\"your-message\"><\/textarea><\/span>\n <\/div>\n <\/div>\n<\/div>\t\n <div class=\"col-md-12\"> \t\n<input class=\"wpcf7-form-control wpcf7-submit has-spinner btn contact-btn\" type=\"submit\" value=\"Invia il messaggio\" \/>\n<\/div><div class=\"wpcf7-response-output\" aria-hidden=\"true\"><\/div>\n<input type=\"hidden\" name=\"trp-form-language\" value=\"it\"\/><\/form>\n<\/div>\n<\/div>\n\t\t\t\t\t\t<\/div>\n\t\t\t\t<\/div>\n\t\t\t\t<div class=\"elementor-element elementor-element-c2d6ba0 elementor-widget elementor-widget-dreamsrent_elementor_heading1\" data-id=\"c2d6ba0\" data-element_type=\"widget\" data-e-type=\"widget\" data-widget_type=\"dreamsrent_elementor_heading1.default\">\n\t\t\t\t<div class=\"elementor-widget-container\">\n\t\t\t\t\t\r\n<div class=\"section-heading text-center\" data-aos=\"fade-down\">\r\n     <h2>Contatto<\/h2>\r\n      <p><\/p>\r\n\t  \r\n    <\/div>\r\n\t \t\t\t\t<\/div>\n\t\t\t\t<\/div>\n\t\t\t\t\t<\/div>\n\t\t\t\t<\/div>\n\t\t\t\t<\/div>","protected":false},"excerpt":{"rendered":"<p>\u00cenchirieri ma\u0219ini Bucure\u0219ti f\u0103r\u0103 garan\u021bie \u2013 la Rentado, cel mai bun pret! Oferirea \u00eenchirierii auto f\u0103r\u0103 garan\u021bie de c\u0103tre Rentado aduce multiple avantaje pentru clien\u021bi, incluz\u00e2nd mai mult\u0103 flexibilitate financiar\u0103, o experien\u021b\u0103 mai u\u0219oar\u0103 \u0219i mai rapid\u0103, transparen\u021b\u0103 \u0219i egalitate \u00een acces la servicii de \u00eenchiriere auto. Inchirierea auto f\u0103r\u0103 garan\u021bie ofer\u0103 clien\u021bilor o experien\u021b\u0103 [&hellip;]<\/p>\n","protected":false},"author":1,"featured_media":0,"parent":0,"menu_order":0,"comment_status":"closed","ping_status":"closed","template":"templates\/elementor-page-template.php","meta":{"footnotes":""},"class_list":["post-3923","page","type-page","status-publish","hentry"],"yoast_head":"<!-- This site is optimized with the Yoast SEO plugin v27.1.1 - https:\/\/yoast.com\/product\/yoast-seo-wordpress\/ -->\n<title>Inchirieri masini Bucuresti fara garantie - Rentado - Inchirieri Auto Otopeni<\/title>\n<meta name=\"description\" content=\"Inchirieri masini Bucuresti fara garantie - Rentado - Inchirieri Auto Otopeni Fara garantie, fara carte de credit, simplu, rapid, masini de inchiriat cu pickup de la aeroport sosiri!\" \/>\n<meta name=\"robots\" content=\"index, follow, max-snippet:-1, max-image-preview:large, max-video-preview:-1\" \/>\n<link rel=\"canonical\" href=\"https:\/\/rentado.ro\/it\/noleggio-auto-bucarest-noleggio-auto-bucarest-noleggio-auto-bucarest-senza-garanzia\/\" \/>\n<meta property=\"og:locale\" content=\"it_IT\" \/>\n<meta property=\"og:type\" content=\"article\" \/>\n<meta property=\"og:title\" content=\"Inchirieri masini Bucuresti fara garantie - Rentado - Inchirieri Auto Otopeni\" \/>\n<meta property=\"og:description\" content=\"Inchirieri masini Bucuresti fara garantie - Rentado - Inchirieri Auto Otopeni Fara garantie, fara carte de credit, simplu, rapid, masini de inchiriat cu pickup de la aeroport sosiri!\" \/>\n<meta property=\"og:url\" content=\"https:\/\/rentado.ro\/it\/noleggio-auto-bucarest-noleggio-auto-bucarest-noleggio-auto-bucarest-senza-garanzia\/\" \/>\n<meta property=\"og:site_name\" content=\"Rentado - Inchirieri Auto Otopeni\" \/>\n<meta property=\"article:modified_time\" content=\"2024-05-07T06:58:07+00:00\" \/>\n<meta property=\"og:image\" content=\"https:\/\/rentado.ro\/wp-content\/uploads\/2024\/04\/rentado-mobility-oartner.png\" \/>\n\t<meta property=\"og:image:width\" content=\"1200\" \/>\n\t<meta property=\"og:image:height\" content=\"675\" \/>\n\t<meta property=\"og:image:type\" content=\"image\/png\" \/>\n<meta name=\"twitter:card\" content=\"summary_large_image\" \/>\n<meta name=\"twitter:label1\" content=\"Tempo di lettura stimato\" \/>\n\t<meta name=\"twitter:data1\" content=\"4 minuti\" \/>\n<script type=\"application\/ld+json\" class=\"yoast-schema-graph\">{\"@context\":\"https:\/\/schema.org\",\"@graph\":[{\"@type\":\"WebPage\",\"@id\":\"https:\/\/rentado.ro\/inchirieri-masini-bucuresti-fara-garantie\/\",\"url\":\"https:\/\/rentado.ro\/inchirieri-masini-bucuresti-fara-garantie\/\",\"name\":\"Inchirieri masini Bucuresti fara garantie - Rentado - Inchirieri Auto Otopeni\",\"isPartOf\":{\"@id\":\"https:\/\/rentado.ro\/#website\"},\"datePublished\":\"2024-01-30T16:03:21+00:00\",\"dateModified\":\"2024-05-07T06:58:07+00:00\",\"description\":\"Inchirieri masini Bucuresti fara garantie - Rentado - Inchirieri Auto Otopeni Fara garantie, fara carte de credit, simplu, rapid, masini de inchiriat cu pickup de la aeroport sosiri!\",\"breadcrumb\":{\"@id\":\"https:\/\/rentado.ro\/inchirieri-masini-bucuresti-fara-garantie\/#breadcrumb\"},\"inLanguage\":\"it-IT\",\"potentialAction\":[{\"@type\":\"ReadAction\",\"target\":[\"https:\/\/rentado.ro\/inchirieri-masini-bucuresti-fara-garantie\/\"]}]},{\"@type\":\"BreadcrumbList\",\"@id\":\"https:\/\/rentado.ro\/inchirieri-masini-bucuresti-fara-garantie\/#breadcrumb\",\"itemListElement\":[{\"@type\":\"ListItem\",\"position\":1,\"name\":\"Prima pagin\u0103\",\"item\":\"https:\/\/rentado.ro\/\"},{\"@type\":\"ListItem\",\"position\":2,\"name\":\"Inchirieri masini Bucuresti fara garantie\"}]},{\"@type\":\"WebSite\",\"@id\":\"https:\/\/rentado.ro\/#website\",\"url\":\"https:\/\/rentado.ro\/\",\"name\":\"Rentado - Inchirieri Auto Otopeni\",\"description\":\"Your Mobility Partner\",\"publisher\":{\"@id\":\"https:\/\/rentado.ro\/#organization\"},\"alternateName\":\"Inchirieri masini Otopeni\",\"potentialAction\":[{\"@type\":\"SearchAction\",\"target\":{\"@type\":\"EntryPoint\",\"urlTemplate\":\"https:\/\/rentado.ro\/?s={search_term_string}\"},\"query-input\":{\"@type\":\"PropertyValueSpecification\",\"valueRequired\":true,\"valueName\":\"search_term_string\"}}],\"inLanguage\":\"it-IT\"},{\"@type\":\"Organization\",\"@id\":\"https:\/\/rentado.ro\/#organization\",\"name\":\"TTR MOBILITY NETWORK SRL\",\"alternateName\":\"Rentado\",\"url\":\"https:\/\/rentado.ro\/\",\"logo\":{\"@type\":\"ImageObject\",\"inLanguage\":\"it-IT\",\"@id\":\"https:\/\/rentado.ro\/#\/schema\/logo\/image\/\",\"url\":\"https:\/\/rentado.ro\/wp-content\/uploads\/2024\/04\/rentado-686.png\",\"contentUrl\":\"https:\/\/rentado.ro\/wp-content\/uploads\/2024\/04\/rentado-686.png\",\"width\":696,\"height\":696,\"caption\":\"TTR MOBILITY NETWORK SRL\"},\"image\":{\"@id\":\"https:\/\/rentado.ro\/#\/schema\/logo\/image\/\"}}]}<\/script>\n<!-- \/ Yoast SEO plugin. -->","yoast_head_json":{"title":"Noleggio auto Bucarest senza garanzia - Rentado - Rent a Car Otopeni","description":"Noleggio auto Bucarest senza garanzia - Rentado - Rent a Car Otopeni Nessuna garanzia, nessuna carta di credito, semplice, veloce, auto a noleggio con arrivo in aeroporto!","robots":{"index":"index","follow":"follow","max-snippet":"max-snippet:-1","max-image-preview":"max-image-preview:large","max-video-preview":"max-video-preview:-1"},"canonical":"https:\/\/rentado.ro\/it\/noleggio-auto-bucarest-noleggio-auto-bucarest-noleggio-auto-bucarest-senza-garanzia\/","og_locale":"it_IT","og_type":"article","og_title":"Inchirieri masini Bucuresti fara garantie - Rentado - Inchirieri Auto Otopeni","og_description":"Inchirieri masini Bucuresti fara garantie - Rentado - Inchirieri Auto Otopeni Fara garantie, fara carte de credit, simplu, rapid, masini de inchiriat cu pickup de la aeroport sosiri!","og_url":"https:\/\/rentado.ro\/it\/noleggio-auto-bucarest-noleggio-auto-bucarest-noleggio-auto-bucarest-senza-garanzia\/","og_site_name":"Rentado - Inchirieri Auto Otopeni","article_modified_time":"2024-05-07T06:58:07+00:00","og_image":[{"width":1200,"height":675,"url":"https:\/\/rentado.ro\/wp-content\/uploads\/2024\/04\/rentado-mobility-oartner.png","type":"image\/png"}],"twitter_card":"summary_large_image","twitter_misc":{"Tempo di lettura stimato":"4 minuti"},"schema":{"@context":"https:\/\/schema.org","@graph":[{"@type":"WebPage","@id":"https:\/\/rentado.ro\/inchirieri-masini-bucuresti-fara-garantie\/","url":"https:\/\/rentado.ro\/inchirieri-masini-bucuresti-fara-garantie\/","name":"Noleggio auto Bucarest senza garanzia - Rentado - Rent a Car Otopeni","isPartOf":{"@id":"https:\/\/rentado.ro\/#website"},"datePublished":"2024-01-30T16:03:21+00:00","dateModified":"2024-05-07T06:58:07+00:00","description":"Noleggio auto Bucarest senza garanzia - Rentado - Rent a Car Otopeni Nessuna garanzia, nessuna carta di credito, semplice, veloce, auto a noleggio con arrivo in aeroporto!","breadcrumb":{"@id":"https:\/\/rentado.ro\/inchirieri-masini-bucuresti-fara-garantie\/#breadcrumb"},"inLanguage":"it-IT","potentialAction":[{"@type":"ReadAction","target":["https:\/\/rentado.ro\/inchirieri-masini-bucuresti-fara-garantie\/"]}]},{"@type":"BreadcrumbList","@id":"https:\/\/rentado.ro\/inchirieri-masini-bucuresti-fara-garantie\/#breadcrumb","itemListElement":[{"@type":"ListItem","position":1,"name":"Prima pagin\u0103","item":"https:\/\/rentado.ro\/"},{"@type":"ListItem","position":2,"name":"Inchirieri masini Bucuresti fara garantie"}]},{"@type":"WebSite","@id":"https:\/\/rentado.ro\/#website","url":"https:\/\/rentado.ro\/","name":"Rentado - Noleggio auto Otopeni","description":"Il vostro partner per la mobilit\u00e0","publisher":{"@id":"https:\/\/rentado.ro\/#organization"},"alternateName":"Inchirieri masini Otopeni","potentialAction":[{"@type":"SearchAction","target":{"@type":"EntryPoint","urlTemplate":"https:\/\/rentado.ro\/?s={search_term_string}"},"query-input":{"@type":"PropertyValueSpecification","valueRequired":true,"valueName":"search_term_string"}}],"inLanguage":"it-IT"},{"@type":"Organization","@id":"https:\/\/rentado.ro\/#organization","name":"TTR MOBILITY NETWORK SRL","alternateName":"Rentado","url":"https:\/\/rentado.ro\/","logo":{"@type":"ImageObject","inLanguage":"it-IT","@id":"https:\/\/rentado.ro\/#\/schema\/logo\/image\/","url":"https:\/\/rentado.ro\/wp-content\/uploads\/2024\/04\/rentado-686.png","contentUrl":"https:\/\/rentado.ro\/wp-content\/uploads\/2024\/04\/rentado-686.png","width":696,"height":696,"caption":"TTR MOBILITY NETWORK SRL"},"image":{"@id":"https:\/\/rentado.ro\/#\/schema\/logo\/image\/"}}]}},"_links":{"self":[{"href":"https:\/\/rentado.ro\/it\/wp-json\/wp\/v2\/pages\/3923","targetHints":{"allow":["GET"]}}],"collection":[{"href":"https:\/\/rentado.ro\/it\/wp-json\/wp\/v2\/pages"}],"about":[{"href":"https:\/\/rentado.ro\/it\/wp-json\/wp\/v2\/types\/page"}],"author":[{"embeddable":true,"href":"https:\/\/rentado.ro\/it\/wp-json\/wp\/v2\/users\/1"}],"replies":[{"embeddable":true,"href":"https:\/\/rentado.ro\/it\/wp-json\/wp\/v2\/comments?post=3923"}],"version-history":[{"count":8,"href":"https:\/\/rentado.ro\/it\/wp-json\/wp\/v2\/pages\/3923\/revisions"}],"predecessor-version":[{"id":4783,"href":"https:\/\/rentado.ro\/it\/wp-json\/wp\/v2\/pages\/3923\/revisions\/4783"}],"wp:attachment":[{"href":"https:\/\/rentado.ro\/it\/wp-json\/wp\/v2\/media?parent=3923"}],"curies":[{"name":"wp","href":"https:\/\/api.w.org\/{rel}","templated":true}]}}