{"id":4711,"date":"2024-05-03T05:32:32","date_gmt":"2024-05-03T05:32:32","guid":{"rendered":"https:\/\/rentado.ro\/?page_id=4711"},"modified":"2024-05-16T10:29:40","modified_gmt":"2024-05-16T10:29:40","slug":"rent-a-car-otopeni","status":"publish","type":"page","link":"https:\/\/rentado.ro\/en\/rent-a-car-otopeni\/","title":{"rendered":"Rent a car Otopeni"},"content":{"rendered":"<p>Rentado gives you the freedom to explore and travel worry-free with our Otopeni car rental services. With Rentado, renting a car becomes a simple and quick process, and the benefits are commensurate:<\/p>\n\n\n\n<p>\ud83d\ude97 Best prices: At Rentado, we offer you a wide range of cars at the most competitive rates, so you can choose the right option for your budget.<\/p>\n\n\n\n<p>\u2708\ufe0f Airport pick-up and drop-off: For your convenience, we will meet you directly at Otopeni Airport with the car of your choice, and at the end of your trip, you can return the vehicle there as well, hassle-free.<\/p>\n\n\n\n<p>\ud83d\udd11 No Guarantee: At Rentado, we understand that you're on the move, and complicated procedures have no place in your adventure. That's why we charge no guarantees and offer you a stress-free rental experience.<\/p>\n\n\n\n<p>\ud83d\udee3\ufe0f Unlimited kilometers: Discover the world without limits! With Rentado, you can travel as far as you want without worrying about extra kilometers.<\/p>\n\n\n\n<p>\ud83d\udd27 Maintained cars: Your safety is our priority. All our cars are regularly maintained and checked so you can enjoy a worry-free journey.<\/p>\n\n\n\n<p>Choose Rentado for a convenient and efficient car rental experience in Otopeni! Book now and get ready for a journey full of adventure and freedom! \ud83c\udf0d\ud83d\ude97<\/p>\n\n\n\n<p><a href=\"https:\/\/rentado.ro\/en\/list-of-cars\/\">Fleet of cars for rent in Otopeni<\/a><\/p>\n\n\n\n<p><a href=\"https:\/\/rentado.ro\/en\/car-rental-in-bucuresti\/\">Rent a car Bucharest prices<\/a><\/p>","protected":false},"excerpt":{"rendered":"<p>Rentado v\u0103 ofer\u0103 libertatea de a explora \u0219i de a c\u0103l\u0103tori f\u0103r\u0103 griji prin intermediul serviciilor noastre de \u00eenchirieri auto la Otopeni. Cu Rentado, \u00eenchirierea unei ma\u0219ini devine un proces simplu \u0219i rapid, iar beneficiile sunt pe m\u0103sur\u0103: \ud83d\ude97 Cele mai bune pre\u021buri: La Rentado, v\u0103 punem la dispozi\u021bie o gam\u0103 variat\u0103 de ma\u0219ini la [&hellip;]<\/p>\n","protected":false},"author":1,"featured_media":4827,"parent":0,"menu_order":0,"comment_status":"closed","ping_status":"closed","template":"","meta":{"footnotes":""},"class_list":["post-4711","page","type-page","status-publish","has-post-thumbnail","hentry"],"yoast_head":"<!-- This site is optimized with the Yoast SEO plugin v27.5 - https:\/\/yoast.com\/product\/yoast-seo-wordpress\/ -->\n<title>Rent a car Otopeni - Rentado - Inchirieri Auto Otopeni<\/title>\n<meta name=\"description\" content=\"Rent a car Otopeni - Rentado - Inchirieri Auto Otopeni\" \/>\n<meta name=\"robots\" content=\"index, follow, max-snippet:-1, max-image-preview:large, max-video-preview:-1\" \/>\n<link rel=\"canonical\" href=\"https:\/\/rentado.ro\/en\/rent-a-car-otopeni\/\" \/>\n<meta property=\"og:locale\" content=\"en_US\" \/>\n<meta property=\"og:type\" content=\"article\" \/>\n<meta property=\"og:title\" content=\"Rent a car Otopeni - Rentado - Inchirieri Auto Otopeni\" \/>\n<meta property=\"og:description\" content=\"Rent a car Otopeni - Rentado - Inchirieri Auto Otopeni\" \/>\n<meta property=\"og:url\" content=\"https:\/\/rentado.ro\/en\/rent-a-car-otopeni\/\" \/>\n<meta property=\"og:site_name\" content=\"Rentado - Inchirieri Auto Otopeni\" \/>\n<meta property=\"article:modified_time\" content=\"2024-05-16T10:29:40+00:00\" \/>\n<meta property=\"og:image\" content=\"https:\/\/rentado.ro\/wp-content\/uploads\/2024\/05\/cat-costa-sa-inchiriezi-o-masina-in-otopeni-scaled.jpg\" \/>\n\t<meta property=\"og:image:width\" content=\"2560\" \/>\n\t<meta property=\"og:image:height\" content=\"1707\" \/>\n\t<meta property=\"og:image:type\" content=\"image\/jpeg\" \/>\n<meta name=\"twitter:card\" content=\"summary_large_image\" \/>\n<meta name=\"twitter:label1\" content=\"Est. reading time\" \/>\n\t<meta name=\"twitter:data1\" content=\"2 minutes\" \/>\n<script type=\"application\/ld+json\" class=\"yoast-schema-graph\">{\"@context\":\"https:\\\/\\\/schema.org\",\"@graph\":[{\"@type\":\"WebPage\",\"@id\":\"https:\\\/\\\/rentado.ro\\\/rent-a-car-otopeni\\\/\",\"url\":\"https:\\\/\\\/rentado.ro\\\/rent-a-car-otopeni\\\/\",\"name\":\"Rent a car Otopeni - Rentado - Inchirieri Auto Otopeni\",\"isPartOf\":{\"@id\":\"https:\\\/\\\/rentado.ro\\\/#website\"},\"primaryImageOfPage\":{\"@id\":\"https:\\\/\\\/rentado.ro\\\/rent-a-car-otopeni\\\/#primaryimage\"},\"image\":{\"@id\":\"https:\\\/\\\/rentado.ro\\\/rent-a-car-otopeni\\\/#primaryimage\"},\"thumbnailUrl\":\"https:\\\/\\\/rentado.ro\\\/wp-content\\\/uploads\\\/2024\\\/05\\\/cat-costa-sa-inchiriezi-o-masina-in-otopeni-scaled.jpg\",\"datePublished\":\"2024-05-03T05:32:32+00:00\",\"dateModified\":\"2024-05-16T10:29:40+00:00\",\"description\":\"Rent a car Otopeni - Rentado - Inchirieri Auto Otopeni\",\"breadcrumb\":{\"@id\":\"https:\\\/\\\/rentado.ro\\\/rent-a-car-otopeni\\\/#breadcrumb\"},\"inLanguage\":\"en-US\",\"potentialAction\":[{\"@type\":\"ReadAction\",\"target\":[\"https:\\\/\\\/rentado.ro\\\/rent-a-car-otopeni\\\/\"]}]},{\"@type\":\"ImageObject\",\"inLanguage\":\"en-US\",\"@id\":\"https:\\\/\\\/rentado.ro\\\/rent-a-car-otopeni\\\/#primaryimage\",\"url\":\"https:\\\/\\\/rentado.ro\\\/wp-content\\\/uploads\\\/2024\\\/05\\\/cat-costa-sa-inchiriezi-o-masina-in-otopeni-scaled.jpg\",\"contentUrl\":\"https:\\\/\\\/rentado.ro\\\/wp-content\\\/uploads\\\/2024\\\/05\\\/cat-costa-sa-inchiriezi-o-masina-in-otopeni-scaled.jpg\",\"width\":2560,\"height\":1707,\"caption\":\"cea mai bun\u0103 firm\u0103 de \u00eenchirieri auto Bucure\u0219ti - rentado.ro\"},{\"@type\":\"BreadcrumbList\",\"@id\":\"https:\\\/\\\/rentado.ro\\\/rent-a-car-otopeni\\\/#breadcrumb\",\"itemListElement\":[{\"@type\":\"ListItem\",\"position\":1,\"name\":\"Prima pagin\u0103\",\"item\":\"https:\\\/\\\/rentado.ro\\\/\"},{\"@type\":\"ListItem\",\"position\":2,\"name\":\"Rent a car Otopeni\"}]},{\"@type\":\"WebSite\",\"@id\":\"https:\\\/\\\/rentado.ro\\\/#website\",\"url\":\"https:\\\/\\\/rentado.ro\\\/\",\"name\":\"Rentado - Inchirieri Auto Otopeni\",\"description\":\"Your Mobility Partner\",\"publisher\":{\"@id\":\"https:\\\/\\\/rentado.ro\\\/#organization\"},\"alternateName\":\"Inchirieri masini Otopeni\",\"potentialAction\":[{\"@type\":\"SearchAction\",\"target\":{\"@type\":\"EntryPoint\",\"urlTemplate\":\"https:\\\/\\\/rentado.ro\\\/?s={search_term_string}\"},\"query-input\":{\"@type\":\"PropertyValueSpecification\",\"valueRequired\":true,\"valueName\":\"search_term_string\"}}],\"inLanguage\":\"en-US\"},{\"@type\":\"Organization\",\"@id\":\"https:\\\/\\\/rentado.ro\\\/#organization\",\"name\":\"TTR MOBILITY NETWORK SRL\",\"alternateName\":\"Rentado\",\"url\":\"https:\\\/\\\/rentado.ro\\\/\",\"logo\":{\"@type\":\"ImageObject\",\"inLanguage\":\"en-US\",\"@id\":\"https:\\\/\\\/rentado.ro\\\/#\\\/schema\\\/logo\\\/image\\\/\",\"url\":\"https:\\\/\\\/rentado.ro\\\/wp-content\\\/uploads\\\/2024\\\/04\\\/rentado-686.png\",\"contentUrl\":\"https:\\\/\\\/rentado.ro\\\/wp-content\\\/uploads\\\/2024\\\/04\\\/rentado-686.png\",\"width\":696,\"height\":696,\"caption\":\"TTR MOBILITY NETWORK SRL\"},\"image\":{\"@id\":\"https:\\\/\\\/rentado.ro\\\/#\\\/schema\\\/logo\\\/image\\\/\"}}]}<\/script>\n<!-- \/ Yoast SEO plugin. -->","yoast_head_json":{"title":"Rent a car Otopeni - Rentado - Rent a car Otopeni","description":"Rent a car Otopeni - Rentado - Rent a car Otopeni","robots":{"index":"index","follow":"follow","max-snippet":"max-snippet:-1","max-image-preview":"max-image-preview:large","max-video-preview":"max-video-preview:-1"},"canonical":"https:\/\/rentado.ro\/en\/rent-a-car-otopeni\/","og_locale":"en_US","og_type":"article","og_title":"Rent a car Otopeni - Rentado - Inchirieri Auto Otopeni","og_description":"Rent a car Otopeni - Rentado - Inchirieri Auto Otopeni","og_url":"https:\/\/rentado.ro\/en\/rent-a-car-otopeni\/","og_site_name":"Rentado - Inchirieri Auto Otopeni","article_modified_time":"2024-05-16T10:29:40+00:00","og_image":[{"width":2560,"height":1707,"url":"https:\/\/rentado.ro\/wp-content\/uploads\/2024\/05\/cat-costa-sa-inchiriezi-o-masina-in-otopeni-scaled.jpg","type":"image\/jpeg"}],"twitter_card":"summary_large_image","twitter_misc":{"Est. reading time":"2 minutes"},"schema":{"@context":"https:\/\/schema.org","@graph":[{"@type":"WebPage","@id":"https:\/\/rentado.ro\/rent-a-car-otopeni\/","url":"https:\/\/rentado.ro\/rent-a-car-otopeni\/","name":"Rent a car Otopeni - Rentado - Rent a car Otopeni","isPartOf":{"@id":"https:\/\/rentado.ro\/#website"},"primaryImageOfPage":{"@id":"https:\/\/rentado.ro\/rent-a-car-otopeni\/#primaryimage"},"image":{"@id":"https:\/\/rentado.ro\/rent-a-car-otopeni\/#primaryimage"},"thumbnailUrl":"https:\/\/rentado.ro\/wp-content\/uploads\/2024\/05\/cat-costa-sa-inchiriezi-o-masina-in-otopeni-scaled.jpg","datePublished":"2024-05-03T05:32:32+00:00","dateModified":"2024-05-16T10:29:40+00:00","description":"Rent a car Otopeni - Rentado - Rent a car Otopeni","breadcrumb":{"@id":"https:\/\/rentado.ro\/rent-a-car-otopeni\/#breadcrumb"},"inLanguage":"en-US","potentialAction":[{"@type":"ReadAction","target":["https:\/\/rentado.ro\/rent-a-car-otopeni\/"]}]},{"@type":"ImageObject","inLanguage":"en-US","@id":"https:\/\/rentado.ro\/rent-a-car-otopeni\/#primaryimage","url":"https:\/\/rentado.ro\/wp-content\/uploads\/2024\/05\/cat-costa-sa-inchiriezi-o-masina-in-otopeni-scaled.jpg","contentUrl":"https:\/\/rentado.ro\/wp-content\/uploads\/2024\/05\/cat-costa-sa-inchiriezi-o-masina-in-otopeni-scaled.jpg","width":2560,"height":1707,"caption":"cea mai bun\u0103 firm\u0103 de \u00eenchirieri auto Bucure\u0219ti - rentado.ro"},{"@type":"BreadcrumbList","@id":"https:\/\/rentado.ro\/rent-a-car-otopeni\/#breadcrumb","itemListElement":[{"@type":"ListItem","position":1,"name":"Prima pagin\u0103","item":"https:\/\/rentado.ro\/"},{"@type":"ListItem","position":2,"name":"Rent a car Otopeni"}]},{"@type":"WebSite","@id":"https:\/\/rentado.ro\/#website","url":"https:\/\/rentado.ro\/","name":"Rentado - Rent a Car Otopeni","description":"Your Mobility Partner","publisher":{"@id":"https:\/\/rentado.ro\/#organization"},"alternateName":"Inchirieri masini Otopeni","potentialAction":[{"@type":"SearchAction","target":{"@type":"EntryPoint","urlTemplate":"https:\/\/rentado.ro\/?s={search_term_string}"},"query-input":{"@type":"PropertyValueSpecification","valueRequired":true,"valueName":"search_term_string"}}],"inLanguage":"en-US"},{"@type":"Organization","@id":"https:\/\/rentado.ro\/#organization","name":"TTR MOBILITY NETWORK SRL","alternateName":"Rentado","url":"https:\/\/rentado.ro\/","logo":{"@type":"ImageObject","inLanguage":"en-US","@id":"https:\/\/rentado.ro\/#\/schema\/logo\/image\/","url":"https:\/\/rentado.ro\/wp-content\/uploads\/2024\/04\/rentado-686.png","contentUrl":"https:\/\/rentado.ro\/wp-content\/uploads\/2024\/04\/rentado-686.png","width":696,"height":696,"caption":"TTR MOBILITY NETWORK SRL"},"image":{"@id":"https:\/\/rentado.ro\/#\/schema\/logo\/image\/"}}]}},"_links":{"self":[{"href":"https:\/\/rentado.ro\/en\/wp-json\/wp\/v2\/pages\/4711","targetHints":{"allow":["GET"]}}],"collection":[{"href":"https:\/\/rentado.ro\/en\/wp-json\/wp\/v2\/pages"}],"about":[{"href":"https:\/\/rentado.ro\/en\/wp-json\/wp\/v2\/types\/page"}],"author":[{"embeddable":true,"href":"https:\/\/rentado.ro\/en\/wp-json\/wp\/v2\/users\/1"}],"replies":[{"embeddable":true,"href":"https:\/\/rentado.ro\/en\/wp-json\/wp\/v2\/comments?post=4711"}],"version-history":[{"count":2,"href":"https:\/\/rentado.ro\/en\/wp-json\/wp\/v2\/pages\/4711\/revisions"}],"predecessor-version":[{"id":4897,"href":"https:\/\/rentado.ro\/en\/wp-json\/wp\/v2\/pages\/4711\/revisions\/4897"}],"wp:featuredmedia":[{"embeddable":true,"href":"https:\/\/rentado.ro\/en\/wp-json\/wp\/v2\/media\/4827"}],"wp:attachment":[{"href":"https:\/\/rentado.ro\/en\/wp-json\/wp\/v2\/media?parent=4711"}],"curies":[{"name":"wp","href":"https:\/\/api.w.org\/{rel}","templated":true}]}}