{"id":3613,"date":"2024-01-08T11:13:19","date_gmt":"2024-01-08T11:13:19","guid":{"rendered":"https:\/\/dreamsrent-wp.dreamstechnologies.com\/?page_id=3613"},"modified":"2024-05-02T11:18:30","modified_gmt":"2024-05-02T11:18:30","slug":"car-rental-faq","status":"publish","type":"page","link":"https:\/\/rentado.ro\/en\/intrebari-frecvente-inchiriere-auto\/","title":{"rendered":"Car rental FAQ"},"content":{"rendered":"<div data-elementor-type=\"wp-page\" data-elementor-id=\"3613\" class=\"elementor elementor-3613\" data-elementor-post-type=\"page\">\n\t\t\t\t\t\t<section class=\"elementor-section elementor-top-section elementor-element elementor-element-b31bff5 section faq-section elementor-section-boxed elementor-section-height-default elementor-section-height-default\" data-id=\"b31bff5\" data-element_type=\"section\" data-e-type=\"section\">\n\t\t\t\t\t\t<div class=\"elementor-container elementor-column-gap-default\">\n\t\t\t\t\t<div class=\"elementor-column elementor-col-100 elementor-top-column elementor-element elementor-element-8d348fc\" data-id=\"8d348fc\" data-element_type=\"column\" data-e-type=\"column\">\n\t\t\t<div class=\"elementor-widget-wrap elementor-element-populated\">\n\t\t\t\t\t\t<div class=\"elementor-element elementor-element-1c618d4 elementor-widget elementor-widget-dreamsrent_elementor_faq\" data-id=\"1c618d4\" data-element_type=\"widget\" data-e-type=\"widget\" data-widget_type=\"dreamsrent_elementor_faq.default\">\n\t\t\t\t<div class=\"elementor-widget-container\">\n\t\t\t\t\t<div class=\"faq-info\">\r\n\t<!-- Carousel Item -->\r\n\r\n\t<div class=\"faq-card bg-white\" data-aos=\"fade-down\">\r\n\t\t\t\t\t\t<h4 class=\"faq-title\">\r\n\t\t\t\t\t\t\t<a class=\"collapseds\" data-bs-toggle=\"collapse\" href=\"#faq_1\"  aria-expanded=\"true\">What are Rentado's opening hours and can I make a reservation outside them?<\/a>\r\n\t\t\t\t\t\t<\/h4>\r\n\t\t\t\t\t\t<div id=\"faq_1\" class=\"card-collapse    collapsed show\">\r\n\t\t\t\t\t\t\t<p>Rentado operates around the clock to offer you flexible and convenient car rental services. Reservations can be made online or by phone, no matter what time or day you want to rent a car.<\/p>\r\n\t\t\t\t\t\t<\/div>\r\n\t\t\t\t\t<\/div>\t\r\n\r\n \r\n\r\n\t<div class=\"faq-card bg-white\" data-aos=\"fade-down\">\r\n\t\t\t\t\t\t<h4 class=\"faq-title\">\r\n\t\t\t\t\t\t\t<a class=\"collapseds   collapsed\" data-bs-toggle=\"collapse\" href=\"#faq_2\"  aria-expanded=\"false\" >Is there an age limit for renting a car from Rentado?<\/a>\r\n\t\t\t\t\t\t<\/h4>\r\n\t\t\t\t\t\t<div id=\"faq_2\" class=\"card-collapse  collapse\">\r\n\t\t\t\t\t\t\t<p>Yes, in order to rent a car from Rentado, the main driver must be at least 21 years of age and hold a valid driver's license valid for at least 1 year. For certain car categories or rental options, additional age restrictions may apply.<\/p>\r\n\t\t\t\t\t\t<\/div>\r\n\t\t\t\t\t<\/div>\t\r\n\r\n \r\n\r\n\t<div class=\"faq-card bg-white\" data-aos=\"fade-down\">\r\n\t\t\t\t\t\t<h4 class=\"faq-title\">\r\n\t\t\t\t\t\t\t<a class=\"collapseds   collapsed\" data-bs-toggle=\"collapse\" href=\"#faq_3\"  aria-expanded=\"false\" >What are the policy and rates for additional drivers?<\/a>\r\n\t\t\t\t\t\t<\/h4>\r\n\t\t\t\t\t\t<div id=\"faq_3\" class=\"card-collapse  collapse\">\r\n\t\t\t\t\t\t\t<p>Rentado allows additional drivers to be added to the rental contract, depending on company policy and applicable rates. For more information and specific details, please contact us.<\/p>\r\n\t\t\t\t\t\t<\/div>\r\n\t\t\t\t\t<\/div>\t\r\n\r\n \r\n\r\n\t<div class=\"faq-card bg-white\" data-aos=\"fade-down\">\r\n\t\t\t\t\t\t<h4 class=\"faq-title\">\r\n\t\t\t\t\t\t\t<a class=\"collapseds   collapsed\" data-bs-toggle=\"collapse\" href=\"#faq_4\"  aria-expanded=\"false\" >What happens if we delay returning the rental car?<\/a>\r\n\t\t\t\t\t\t<\/h4>\r\n\t\t\t\t\t\t<div id=\"faq_4\" class=\"card-collapse  collapse\">\r\n\t\t\t\t\t\t\t<p>Rentado offers a grace period for minor delays, but significant delays may incur additional costs. We recommend that you contact us to notify us of any delays and discuss the options available.<\/p>\r\n\t\t\t\t\t\t<\/div>\r\n\t\t\t\t\t<\/div>\t\r\n\r\n \r\n\r\n\t<div class=\"faq-card bg-white\" data-aos=\"fade-down\">\r\n\t\t\t\t\t\t<h4 class=\"faq-title\">\r\n\t\t\t\t\t\t\t<a class=\"collapseds   collapsed\" data-bs-toggle=\"collapse\" href=\"#faq_5\"  aria-expanded=\"false\" >Can I travel by rental car outside Romania?<\/a>\r\n\t\t\t\t\t\t<\/h4>\r\n\t\t\t\t\t\t<div id=\"faq_5\" class=\"card-collapse  collapse\">\r\n\t\t\t\t\t\t\t<p>Yes, in general, Rentado allows travel outside Romania with rented cars. However, additional restrictions and conditions may apply depending on the destination and type of rental. Please contact us for specific details.<\/p>\r\n\t\t\t\t\t\t<\/div>\r\n\t\t\t\t\t<\/div>\t\r\n\r\n \r\n\r\n\t<div class=\"faq-card bg-white\" data-aos=\"fade-down\">\r\n\t\t\t\t\t\t<h4 class=\"faq-title\">\r\n\t\t\t\t\t\t\t<a class=\"collapseds   collapsed\" data-bs-toggle=\"collapse\" href=\"#faq_6\"  aria-expanded=\"false\" >What roadside assistance services does Rentado offer?<\/a>\r\n\t\t\t\t\t\t<\/h4>\r\n\t\t\t\t\t\t<div id=\"faq_6\" class=\"card-collapse  collapse\">\r\n\t\t\t\t\t\t\t<p>Rentado offers 24\/7 roadside assistance for any problems or emergencies during your rental. We are here to offer help and support no matter what time or location you are in.<\/p>\r\n\t\t\t\t\t\t<\/div>\r\n\t\t\t\t\t<\/div>\t\r\n\r\n \r\n\r\n\t<div class=\"faq-card bg-white\" data-aos=\"fade-down\">\r\n\t\t\t\t\t\t<h4 class=\"faq-title\">\r\n\t\t\t\t\t\t\t<a class=\"collapseds   collapsed\" data-bs-toggle=\"collapse\" href=\"#faq_7\"  aria-expanded=\"false\" >What are Rentado's policies on smoking or transporting pets in rental cars?<\/a>\r\n\t\t\t\t\t\t<\/h4>\r\n\t\t\t\t\t\t<div id=\"faq_7\" class=\"card-collapse  collapse\">\r\n\t\t\t\t\t\t\t<p>At Rentado, our policy is to keep our cars clean and in good condition for all our customers. Therefore, smoking and the transportation of pets may be prohibited in certain machines or may incur additional cleaning charges. Please contact us for specific details about our policy in this regard.<\/p>\r\n\t\t\t\t\t\t<\/div>\r\n\t\t\t\t\t<\/div>\t\r\n\r\n \r\n<!-- \/Carousel Item  -->\r\n<\/div>\r\n\t\t\t\t\t\t<\/div>\n\t\t\t\t<\/div>\n\t\t\t\t\t<\/div>\n\t\t<\/div>\n\t\t\t\t\t<\/div>\n\t\t<\/section>\n\t\t\t\t<\/div>","protected":false},"excerpt":{"rendered":"<p>Care sunt orele de func\u021bionare ale Rentado \u0219i pot face o rezervare \u00een afara acestora? Rentado opereaz\u0103 non-stop pentru a v\u0103 oferi servicii de \u00eenchiriere auto flexibile \u0219i convenabile. Rezerv\u0103rile pot fi efectuate online sau telefonic, indiferent de ora sau ziua \u00een care dori\u021bi s\u0103 \u00eenchiria\u021bi o ma\u0219in\u0103. Exist\u0103 vreo limit\u0103 de v\u00e2rst\u0103 pentru a [&hellip;]<\/p>\n","protected":false},"author":1,"featured_media":0,"parent":0,"menu_order":0,"comment_status":"closed","ping_status":"closed","template":"templates\/elementor-page-template.php","meta":{"footnotes":""},"class_list":["post-3613","page","type-page","status-publish","hentry"],"yoast_head":"<!-- This site is optimized with the Yoast SEO plugin v27.1.1 - https:\/\/yoast.com\/product\/yoast-seo-wordpress\/ -->\n<title>Intrebari frecvente inchiriere auto - Rentado - Inchirieri Auto Otopeni<\/title>\n<meta name=\"description\" content=\"Intrebari frecvente inchiriere auto - Rentado - Inchirieri Auto Otopeni\" \/>\n<meta name=\"robots\" content=\"index, follow, max-snippet:-1, max-image-preview:large, max-video-preview:-1\" \/>\n<link rel=\"canonical\" href=\"https:\/\/rentado.ro\/en\/car-rental-faq\/\" \/>\n<meta property=\"og:locale\" content=\"en_US\" \/>\n<meta property=\"og:type\" content=\"article\" \/>\n<meta property=\"og:title\" content=\"Intrebari frecvente inchiriere auto - Rentado - Inchirieri Auto Otopeni\" \/>\n<meta property=\"og:description\" content=\"Intrebari frecvente inchiriere auto - Rentado - Inchirieri Auto Otopeni\" \/>\n<meta property=\"og:url\" content=\"https:\/\/rentado.ro\/en\/car-rental-faq\/\" \/>\n<meta property=\"og:site_name\" content=\"Rentado - Inchirieri Auto Otopeni\" \/>\n<meta property=\"article:modified_time\" content=\"2024-05-02T11:18:30+00:00\" \/>\n<meta property=\"og:image\" content=\"https:\/\/rentado.ro\/wp-content\/uploads\/2024\/04\/rentado-mobility-oartner.png\" \/>\n\t<meta property=\"og:image:width\" content=\"1200\" \/>\n\t<meta property=\"og:image:height\" content=\"675\" \/>\n\t<meta property=\"og:image:type\" content=\"image\/png\" \/>\n<meta name=\"twitter:card\" content=\"summary_large_image\" \/>\n<script type=\"application\/ld+json\" class=\"yoast-schema-graph\">{\"@context\":\"https:\/\/schema.org\",\"@graph\":[{\"@type\":\"WebPage\",\"@id\":\"https:\/\/rentado.ro\/intrebari-frecvente-inchiriere-auto\/\",\"url\":\"https:\/\/rentado.ro\/intrebari-frecvente-inchiriere-auto\/\",\"name\":\"Intrebari frecvente inchiriere auto - Rentado - Inchirieri Auto Otopeni\",\"isPartOf\":{\"@id\":\"https:\/\/rentado.ro\/#website\"},\"datePublished\":\"2024-01-08T11:13:19+00:00\",\"dateModified\":\"2024-05-02T11:18:30+00:00\",\"description\":\"Intrebari frecvente inchiriere auto - Rentado - Inchirieri Auto Otopeni\",\"breadcrumb\":{\"@id\":\"https:\/\/rentado.ro\/intrebari-frecvente-inchiriere-auto\/#breadcrumb\"},\"inLanguage\":\"en-US\",\"potentialAction\":[{\"@type\":\"ReadAction\",\"target\":[\"https:\/\/rentado.ro\/intrebari-frecvente-inchiriere-auto\/\"]}]},{\"@type\":\"BreadcrumbList\",\"@id\":\"https:\/\/rentado.ro\/intrebari-frecvente-inchiriere-auto\/#breadcrumb\",\"itemListElement\":[{\"@type\":\"ListItem\",\"position\":1,\"name\":\"Prima pagin\u0103\",\"item\":\"https:\/\/rentado.ro\/\"},{\"@type\":\"ListItem\",\"position\":2,\"name\":\"Intrebari frecvente inchiriere auto\"}]},{\"@type\":\"WebSite\",\"@id\":\"https:\/\/rentado.ro\/#website\",\"url\":\"https:\/\/rentado.ro\/\",\"name\":\"Rentado - Inchirieri Auto Otopeni\",\"description\":\"Your Mobility Partner\",\"publisher\":{\"@id\":\"https:\/\/rentado.ro\/#organization\"},\"alternateName\":\"Inchirieri masini Otopeni\",\"potentialAction\":[{\"@type\":\"SearchAction\",\"target\":{\"@type\":\"EntryPoint\",\"urlTemplate\":\"https:\/\/rentado.ro\/?s={search_term_string}\"},\"query-input\":{\"@type\":\"PropertyValueSpecification\",\"valueRequired\":true,\"valueName\":\"search_term_string\"}}],\"inLanguage\":\"en-US\"},{\"@type\":\"Organization\",\"@id\":\"https:\/\/rentado.ro\/#organization\",\"name\":\"TTR MOBILITY NETWORK SRL\",\"alternateName\":\"Rentado\",\"url\":\"https:\/\/rentado.ro\/\",\"logo\":{\"@type\":\"ImageObject\",\"inLanguage\":\"en-US\",\"@id\":\"https:\/\/rentado.ro\/#\/schema\/logo\/image\/\",\"url\":\"https:\/\/rentado.ro\/wp-content\/uploads\/2024\/04\/rentado-686.png\",\"contentUrl\":\"https:\/\/rentado.ro\/wp-content\/uploads\/2024\/04\/rentado-686.png\",\"width\":696,\"height\":696,\"caption\":\"TTR MOBILITY NETWORK SRL\"},\"image\":{\"@id\":\"https:\/\/rentado.ro\/#\/schema\/logo\/image\/\"}}]}<\/script>\n<!-- \/ Yoast SEO plugin. -->","yoast_head_json":{"title":"Frequently Asked Questions about car rental - Rentado - Rent a Car in Otopeni","description":"Frequently Asked Questions about car rental - Rentado - Rent a Car in Otopeni","robots":{"index":"index","follow":"follow","max-snippet":"max-snippet:-1","max-image-preview":"max-image-preview:large","max-video-preview":"max-video-preview:-1"},"canonical":"https:\/\/rentado.ro\/en\/car-rental-faq\/","og_locale":"en_US","og_type":"article","og_title":"Intrebari frecvente inchiriere auto - Rentado - Inchirieri Auto Otopeni","og_description":"Intrebari frecvente inchiriere auto - Rentado - Inchirieri Auto Otopeni","og_url":"https:\/\/rentado.ro\/en\/car-rental-faq\/","og_site_name":"Rentado - Inchirieri Auto Otopeni","article_modified_time":"2024-05-02T11:18:30+00:00","og_image":[{"width":1200,"height":675,"url":"https:\/\/rentado.ro\/wp-content\/uploads\/2024\/04\/rentado-mobility-oartner.png","type":"image\/png"}],"twitter_card":"summary_large_image","schema":{"@context":"https:\/\/schema.org","@graph":[{"@type":"WebPage","@id":"https:\/\/rentado.ro\/intrebari-frecvente-inchiriere-auto\/","url":"https:\/\/rentado.ro\/intrebari-frecvente-inchiriere-auto\/","name":"Frequently Asked Questions about car rental - Rentado - Rent a Car in Otopeni","isPartOf":{"@id":"https:\/\/rentado.ro\/#website"},"datePublished":"2024-01-08T11:13:19+00:00","dateModified":"2024-05-02T11:18:30+00:00","description":"Frequently Asked Questions about car rental - Rentado - Rent a Car in Otopeni","breadcrumb":{"@id":"https:\/\/rentado.ro\/intrebari-frecvente-inchiriere-auto\/#breadcrumb"},"inLanguage":"en-US","potentialAction":[{"@type":"ReadAction","target":["https:\/\/rentado.ro\/intrebari-frecvente-inchiriere-auto\/"]}]},{"@type":"BreadcrumbList","@id":"https:\/\/rentado.ro\/intrebari-frecvente-inchiriere-auto\/#breadcrumb","itemListElement":[{"@type":"ListItem","position":1,"name":"Prima pagin\u0103","item":"https:\/\/rentado.ro\/"},{"@type":"ListItem","position":2,"name":"Intrebari frecvente inchiriere auto"}]},{"@type":"WebSite","@id":"https:\/\/rentado.ro\/#website","url":"https:\/\/rentado.ro\/","name":"Rentado - Rent a Car Otopeni","description":"Your Mobility Partner","publisher":{"@id":"https:\/\/rentado.ro\/#organization"},"alternateName":"Inchirieri masini Otopeni","potentialAction":[{"@type":"SearchAction","target":{"@type":"EntryPoint","urlTemplate":"https:\/\/rentado.ro\/?s={search_term_string}"},"query-input":{"@type":"PropertyValueSpecification","valueRequired":true,"valueName":"search_term_string"}}],"inLanguage":"en-US"},{"@type":"Organization","@id":"https:\/\/rentado.ro\/#organization","name":"TTR MOBILITY NETWORK SRL","alternateName":"Rentado","url":"https:\/\/rentado.ro\/","logo":{"@type":"ImageObject","inLanguage":"en-US","@id":"https:\/\/rentado.ro\/#\/schema\/logo\/image\/","url":"https:\/\/rentado.ro\/wp-content\/uploads\/2024\/04\/rentado-686.png","contentUrl":"https:\/\/rentado.ro\/wp-content\/uploads\/2024\/04\/rentado-686.png","width":696,"height":696,"caption":"TTR MOBILITY NETWORK SRL"},"image":{"@id":"https:\/\/rentado.ro\/#\/schema\/logo\/image\/"}}]}},"_links":{"self":[{"href":"https:\/\/rentado.ro\/en\/wp-json\/wp\/v2\/pages\/3613","targetHints":{"allow":["GET"]}}],"collection":[{"href":"https:\/\/rentado.ro\/en\/wp-json\/wp\/v2\/pages"}],"about":[{"href":"https:\/\/rentado.ro\/en\/wp-json\/wp\/v2\/types\/page"}],"author":[{"embeddable":true,"href":"https:\/\/rentado.ro\/en\/wp-json\/wp\/v2\/users\/1"}],"replies":[{"embeddable":true,"href":"https:\/\/rentado.ro\/en\/wp-json\/wp\/v2\/comments?post=3613"}],"version-history":[{"count":7,"href":"https:\/\/rentado.ro\/en\/wp-json\/wp\/v2\/pages\/3613\/revisions"}],"predecessor-version":[{"id":4689,"href":"https:\/\/rentado.ro\/en\/wp-json\/wp\/v2\/pages\/3613\/revisions\/4689"}],"wp:attachment":[{"href":"https:\/\/rentado.ro\/en\/wp-json\/wp\/v2\/media?parent=3613"}],"curies":[{"name":"wp","href":"https:\/\/api.w.org\/{rel}","templated":true}]}}