{"id":2,"date":"2024-04-03T09:45:31","date_gmt":"2024-04-03T09:45:31","guid":{"rendered":"https:\/\/rentado.ro\/?page_id=2"},"modified":"2024-04-30T05:37:15","modified_gmt":"2024-04-30T05:37:15","slug":"car-rental-in-bucharest-otopeni","status":"publish","type":"page","link":"https:\/\/rentado.ro\/en\/inchirieri-auto-bucuresti-otopeni\/","title":{"rendered":"Car rental Bucharest Otopeni"},"content":{"rendered":"<p><strong>Rent a car Bucharest-Otopeni Bucuresti-Otopeni good prices, no warranty, well maintained cars!<\/strong> Rentado is a car rental company with a solid reputation and extensive experience in the field, offering premium services near Bucharest Otopeni Airport. Our main specialization is in providing cars for short and long term rental, with pickup and drop off services right at the airport, available 24\/7. Rentado stands out for our innovative and customer satisfaction-oriented approach, offering a wide range of well-maintained cars, without the need for a warranty and with unlimited kilometers, to ensure that our customers enjoy a hassle-free experience and complete freedom in their travels.<\/p>\n\n\n\n<blockquote class=\"wp-block-quote is-layout-flow wp-block-quote-is-layout-flow\">\n<p>We offer a wide range of well-maintained cars with no warranty and unlimited kilometers. <\/p>\n\n\n\n<h2 class=\"wp-block-heading\">Advantages of car rental Bucharest-Otopeni<\/h2>\n\n\n\n<p>One of the main advantages of Rentado is that we provide easy access to rental cars directly at Otopeni Airport, thus eliminating the need to search or travel to other locations for pick-up or return. This convention is highly appreciated by our customers, as it saves them time and effort, while giving them a smooth start and end to their trip.<\/p>\n<cite>Welcome to your adventure! The Rentado team is here to offer you more than just a rental car - we're committed to providing you with a hassle-free, freedom-filled experience. Every trip is a new story for us, and we're dedicated to helping you make it a memorable one.<\/cite><\/blockquote>\n\n\n\n<p>Another distinctive aspect of Rentado is our Bucharest-Otopeni car rental without warranty policy. This means that customers do not have to pay a large amount of money as a guarantee when picking up the car, but can enjoy an experience without financial barriers, where they can rent the car of their choice without worrying about the amounts deducted from their cards. This transparent and customer-friendly approach is another reason why Rentado enjoys an excellent reputation among its customers.<\/p>\n\n\n\n<p>The Rentado team also places great emphasis on the proper maintenance of our fleet of cars, we constantly ensure that all vehicles are in perfect working order and sanitized before each rental. This is essential for customers looking for trust and reliability during their travels, and Rentado ensures that these expectations are always met.<\/p>\n\n\n\n<p>Rentado offers flexibility in rental terms and conditions, allowing customers to tailor their rental to suit their individual needs. Whether it's a business trip or a family vacation, Rentado is committed to providing customized solutions and high-quality service at unbeatable prices.<\/p>\n\n\n\n<blockquote class=\"wp-block-quote is-layout-flow wp-block-quote-is-layout-flow\">\n<p><em>The benefits we offer include round-the-clock, no-warranty service, unlimited mileage and a well-maintained fleet, ensuring you can travel with confidence and comfort.<\/em><\/p>\n<\/blockquote>","protected":false},"excerpt":{"rendered":"<p>Inchirieri auto Bucuresti-Otopeni preturi bune, fara garantie, masini bine intretinute! Rentado este o companie de \u00eenchirieri auto cu o reputa\u021bie solid\u0103 \u0219i o vast\u0103 experien\u021b\u0103 \u00een domeniu, oferind servicii premium l\u00e2ng\u0103 Aeroportul Otopeni din Bucure\u0219ti. Principala noastra specializare const\u0103 \u00een furnizarea de ma\u0219ini pentru \u00eenchiriere pe termen scurt \u0219i lung, cu servicii de pickup \u0219i [&hellip;]<\/p>\n","protected":false},"author":1,"featured_media":0,"parent":0,"menu_order":0,"comment_status":"closed","ping_status":"open","template":"","meta":{"footnotes":""},"class_list":["post-2","page","type-page","status-publish","hentry"],"yoast_head":"<!-- This site is optimized with the Yoast SEO plugin v27.1.1 - https:\/\/yoast.com\/product\/yoast-seo-wordpress\/ -->\n<title>Inchirieri auto Bucuresti Otopeni - Rentado - Inchirieri Auto Otopeni<\/title>\n<meta name=\"description\" content=\"Inchirieri auto Bucuresti Otopeni - Rentado - Inchirieri Auto Otopeni fara garantie, preturi imbatabile, zeci de masini bine intretinute disponibile acum! Rent a Car Bucuresti Otopeni!\" \/>\n<meta name=\"robots\" content=\"index, follow, max-snippet:-1, max-image-preview:large, max-video-preview:-1\" \/>\n<link rel=\"canonical\" href=\"https:\/\/rentado.ro\/en\/car-rental-in-bucharest-otopeni\/\" \/>\n<meta property=\"og:locale\" content=\"en_US\" \/>\n<meta property=\"og:type\" content=\"article\" \/>\n<meta property=\"og:title\" content=\"Inchirieri auto Bucuresti Otopeni - Rentado - Inchirieri Auto Otopeni\" \/>\n<meta property=\"og:description\" content=\"Inchirieri auto Bucuresti Otopeni - Rentado - Inchirieri Auto Otopeni fara garantie, preturi imbatabile, zeci de masini bine intretinute disponibile acum! Rent a Car Bucuresti Otopeni!\" \/>\n<meta property=\"og:url\" content=\"https:\/\/rentado.ro\/en\/car-rental-in-bucharest-otopeni\/\" \/>\n<meta property=\"og:site_name\" content=\"Rentado - Inchirieri Auto Otopeni\" \/>\n<meta property=\"article:modified_time\" content=\"2024-04-30T05:37:15+00:00\" \/>\n<meta property=\"og:image\" content=\"https:\/\/rentado.ro\/wp-content\/uploads\/2024\/04\/rentado-mobility-oartner.png\" \/>\n\t<meta property=\"og:image:width\" content=\"1200\" \/>\n\t<meta property=\"og:image:height\" content=\"675\" \/>\n\t<meta property=\"og:image:type\" content=\"image\/png\" \/>\n<meta name=\"twitter:card\" content=\"summary_large_image\" \/>\n<meta name=\"twitter:label1\" content=\"Est. reading time\" \/>\n\t<meta name=\"twitter:data1\" content=\"2 minutes\" \/>\n<script type=\"application\/ld+json\" class=\"yoast-schema-graph\">{\"@context\":\"https:\/\/schema.org\",\"@graph\":[{\"@type\":\"WebPage\",\"@id\":\"https:\/\/rentado.ro\/inchirieri-auto-bucuresti-otopeni\/\",\"url\":\"https:\/\/rentado.ro\/inchirieri-auto-bucuresti-otopeni\/\",\"name\":\"Inchirieri auto Bucuresti Otopeni - Rentado - Inchirieri Auto Otopeni\",\"isPartOf\":{\"@id\":\"https:\/\/rentado.ro\/#website\"},\"datePublished\":\"2024-04-03T09:45:31+00:00\",\"dateModified\":\"2024-04-30T05:37:15+00:00\",\"description\":\"Inchirieri auto Bucuresti Otopeni - Rentado - Inchirieri Auto Otopeni fara garantie, preturi imbatabile, zeci de masini bine intretinute disponibile acum! Rent a Car Bucuresti Otopeni!\",\"breadcrumb\":{\"@id\":\"https:\/\/rentado.ro\/inchirieri-auto-bucuresti-otopeni\/#breadcrumb\"},\"inLanguage\":\"en-US\",\"potentialAction\":[{\"@type\":\"ReadAction\",\"target\":[\"https:\/\/rentado.ro\/inchirieri-auto-bucuresti-otopeni\/\"]}]},{\"@type\":\"BreadcrumbList\",\"@id\":\"https:\/\/rentado.ro\/inchirieri-auto-bucuresti-otopeni\/#breadcrumb\",\"itemListElement\":[{\"@type\":\"ListItem\",\"position\":1,\"name\":\"Prima pagin\u0103\",\"item\":\"https:\/\/rentado.ro\/\"},{\"@type\":\"ListItem\",\"position\":2,\"name\":\"Inchirieri auto Bucuresti Otopeni\"}]},{\"@type\":\"WebSite\",\"@id\":\"https:\/\/rentado.ro\/#website\",\"url\":\"https:\/\/rentado.ro\/\",\"name\":\"Rentado - Inchirieri Auto Otopeni\",\"description\":\"Your Mobility Partner\",\"publisher\":{\"@id\":\"https:\/\/rentado.ro\/#organization\"},\"alternateName\":\"Inchirieri masini Otopeni\",\"potentialAction\":[{\"@type\":\"SearchAction\",\"target\":{\"@type\":\"EntryPoint\",\"urlTemplate\":\"https:\/\/rentado.ro\/?s={search_term_string}\"},\"query-input\":{\"@type\":\"PropertyValueSpecification\",\"valueRequired\":true,\"valueName\":\"search_term_string\"}}],\"inLanguage\":\"en-US\"},{\"@type\":\"Organization\",\"@id\":\"https:\/\/rentado.ro\/#organization\",\"name\":\"TTR MOBILITY NETWORK SRL\",\"alternateName\":\"Rentado\",\"url\":\"https:\/\/rentado.ro\/\",\"logo\":{\"@type\":\"ImageObject\",\"inLanguage\":\"en-US\",\"@id\":\"https:\/\/rentado.ro\/#\/schema\/logo\/image\/\",\"url\":\"https:\/\/rentado.ro\/wp-content\/uploads\/2024\/04\/rentado-686.png\",\"contentUrl\":\"https:\/\/rentado.ro\/wp-content\/uploads\/2024\/04\/rentado-686.png\",\"width\":696,\"height\":696,\"caption\":\"TTR MOBILITY NETWORK SRL\"},\"image\":{\"@id\":\"https:\/\/rentado.ro\/#\/schema\/logo\/image\/\"}}]}<\/script>\n<!-- \/ Yoast SEO plugin. -->","yoast_head_json":{"title":"Rent a car Bucharest Otopeni - Rentado - Rent a Car Otopeni","description":"Rent a car Bucharest Otopeni - Rentado - Rent a Car Otopeni without warranty, unbeatable prices, dozens of well-maintained cars available now! Rent a Car Bucharest Otopeni!","robots":{"index":"index","follow":"follow","max-snippet":"max-snippet:-1","max-image-preview":"max-image-preview:large","max-video-preview":"max-video-preview:-1"},"canonical":"https:\/\/rentado.ro\/en\/car-rental-in-bucharest-otopeni\/","og_locale":"en_US","og_type":"article","og_title":"Inchirieri auto Bucuresti Otopeni - Rentado - Inchirieri Auto Otopeni","og_description":"Inchirieri auto Bucuresti Otopeni - Rentado - Inchirieri Auto Otopeni fara garantie, preturi imbatabile, zeci de masini bine intretinute disponibile acum! Rent a Car Bucuresti Otopeni!","og_url":"https:\/\/rentado.ro\/en\/car-rental-in-bucharest-otopeni\/","og_site_name":"Rentado - Inchirieri Auto Otopeni","article_modified_time":"2024-04-30T05:37:15+00:00","og_image":[{"width":1200,"height":675,"url":"https:\/\/rentado.ro\/wp-content\/uploads\/2024\/04\/rentado-mobility-oartner.png","type":"image\/png"}],"twitter_card":"summary_large_image","twitter_misc":{"Est. reading time":"2 minutes"},"schema":{"@context":"https:\/\/schema.org","@graph":[{"@type":"WebPage","@id":"https:\/\/rentado.ro\/inchirieri-auto-bucuresti-otopeni\/","url":"https:\/\/rentado.ro\/inchirieri-auto-bucuresti-otopeni\/","name":"Rent a car Bucharest Otopeni - Rentado - Rent a Car Otopeni","isPartOf":{"@id":"https:\/\/rentado.ro\/#website"},"datePublished":"2024-04-03T09:45:31+00:00","dateModified":"2024-04-30T05:37:15+00:00","description":"Rent a car Bucharest Otopeni - Rentado - Rent a Car Otopeni without warranty, unbeatable prices, dozens of well-maintained cars available now! Rent a Car Bucharest Otopeni!","breadcrumb":{"@id":"https:\/\/rentado.ro\/inchirieri-auto-bucuresti-otopeni\/#breadcrumb"},"inLanguage":"en-US","potentialAction":[{"@type":"ReadAction","target":["https:\/\/rentado.ro\/inchirieri-auto-bucuresti-otopeni\/"]}]},{"@type":"BreadcrumbList","@id":"https:\/\/rentado.ro\/inchirieri-auto-bucuresti-otopeni\/#breadcrumb","itemListElement":[{"@type":"ListItem","position":1,"name":"Prima pagin\u0103","item":"https:\/\/rentado.ro\/"},{"@type":"ListItem","position":2,"name":"Inchirieri auto Bucuresti Otopeni"}]},{"@type":"WebSite","@id":"https:\/\/rentado.ro\/#website","url":"https:\/\/rentado.ro\/","name":"Rentado - Rent a Car Otopeni","description":"Your Mobility Partner","publisher":{"@id":"https:\/\/rentado.ro\/#organization"},"alternateName":"Inchirieri masini Otopeni","potentialAction":[{"@type":"SearchAction","target":{"@type":"EntryPoint","urlTemplate":"https:\/\/rentado.ro\/?s={search_term_string}"},"query-input":{"@type":"PropertyValueSpecification","valueRequired":true,"valueName":"search_term_string"}}],"inLanguage":"en-US"},{"@type":"Organization","@id":"https:\/\/rentado.ro\/#organization","name":"TTR MOBILITY NETWORK SRL","alternateName":"Rentado","url":"https:\/\/rentado.ro\/","logo":{"@type":"ImageObject","inLanguage":"en-US","@id":"https:\/\/rentado.ro\/#\/schema\/logo\/image\/","url":"https:\/\/rentado.ro\/wp-content\/uploads\/2024\/04\/rentado-686.png","contentUrl":"https:\/\/rentado.ro\/wp-content\/uploads\/2024\/04\/rentado-686.png","width":696,"height":696,"caption":"TTR MOBILITY NETWORK SRL"},"image":{"@id":"https:\/\/rentado.ro\/#\/schema\/logo\/image\/"}}]}},"_links":{"self":[{"href":"https:\/\/rentado.ro\/en\/wp-json\/wp\/v2\/pages\/2","targetHints":{"allow":["GET"]}}],"collection":[{"href":"https:\/\/rentado.ro\/en\/wp-json\/wp\/v2\/pages"}],"about":[{"href":"https:\/\/rentado.ro\/en\/wp-json\/wp\/v2\/types\/page"}],"author":[{"embeddable":true,"href":"https:\/\/rentado.ro\/en\/wp-json\/wp\/v2\/users\/1"}],"replies":[{"embeddable":true,"href":"https:\/\/rentado.ro\/en\/wp-json\/wp\/v2\/comments?post=2"}],"version-history":[{"count":2,"href":"https:\/\/rentado.ro\/en\/wp-json\/wp\/v2\/pages\/2\/revisions"}],"predecessor-version":[{"id":4637,"href":"https:\/\/rentado.ro\/en\/wp-json\/wp\/v2\/pages\/2\/revisions\/4637"}],"wp:attachment":[{"href":"https:\/\/rentado.ro\/en\/wp-json\/wp\/v2\/media?parent=2"}],"curies":[{"name":"wp","href":"https:\/\/api.w.org\/{rel}","templated":true}]}}